{"id":2,"date":"2022-11-08T09:26:41","date_gmt":"2022-11-08T09:26:41","guid":{"rendered":"https:\/\/mkgsocialmedia.com\/?page_id=2"},"modified":"2024-03-03T21:44:39","modified_gmt":"2024-03-03T21:44:39","slug":"sample-page","status":"publish","type":"page","link":"https:\/\/mkgsocialmedia.com\/es\/sample-page\/","title":{"rendered":"Sample Page"},"content":{"rendered":"<p>[et_pb_section fb_built=&#8221;1&#8243; specialty=&#8221;on&#8221; _builder_version=&#8221;4.19.1&#8243; _module_preset=&#8221;default&#8221; global_colors_info=&#8221;{}&#8221; hover_enabled=&#8221;0&#8243; sticky_enabled=&#8221;0&#8243;][et_pb_column type=&#8221;1_2&#8243; _builder_version=&#8221;4.16&#8243; custom_padding=&#8221;|||&#8221; global_colors_info=&#8221;{}&#8221; custom_padding__hover=&#8221;|||&#8221;][et_pb_text _builder_version=&#8221;4.19.1&#8243; _module_preset=&#8221;default&#8221; width_last_edited=&#8221;off|phone&#8221; global_colors_info=&#8221;{}&#8221;]<\/p>\n<h1>Head h1 con un altura de l\u00ednea correcta para aumentar legibilidad<\/h1>\n<p>&nbsp;<\/p>\n<p>&nbsp;<\/p>\n<h2>Heading h2 con un altura de l\u00ednea correcta para aumentar legibilidad<\/h2>\n<p>&nbsp;<\/p>\n<p>&nbsp;<\/p>\n<h3>Head h3 con un altura de l\u00ednea correcta para aumentar legibilidad<\/h3>\n<p>&nbsp;<\/p>\n<p>&nbsp;<\/p>\n<h4>Head h4 con un altura de l\u00ednea correcta para aumentar legibilidad<\/h4>\n<p>&nbsp;<\/p>\n<p>&nbsp;<\/p>\n<h5>Head h5 con un altura de l\u00ednea correcta para aumentar legibilidad<\/h5>\n<p>&nbsp;<\/p>\n<p>&nbsp;<\/p>\n<h6>Headh h6 con un altura de l\u00ednea correcta para aumentar legibilidad<\/h6>\n<p>[\/et_pb_text][\/et_pb_column][et_pb_column type=&#8221;1_2&#8243; specialty_columns=&#8221;2&#8243; _builder_version=&#8221;4.16&#8243; custom_padding=&#8221;|||&#8221; global_colors_info=&#8221;{}&#8221; custom_padding__hover=&#8221;|||&#8221;][et_pb_row_inner _builder_version=&#8221;4.19.1&#8243; _module_preset=&#8221;default&#8221; global_colors_info=&#8221;{}&#8221;][et_pb_column_inner saved_specialty_column_type=&#8221;1_2&#8243; _builder_version=&#8221;4.19.1&#8243; _module_preset=&#8221;default&#8221; global_colors_info=&#8221;{}&#8221;][et_pb_text _builder_version=&#8221;4.19.1&#8243; _module_preset=&#8221;default&#8221; hover_enabled=&#8221;0&#8243; global_colors_info=&#8221;{}&#8221; sticky_enabled=&#8221;0&#8243; text_font_size_last_edited=&#8221;on|phone&#8221; text_font_size_phone=&#8221;15px&#8221; text_line_height_phone=&#8221;1.85em&#8221;]<\/p>\n<p>Your content goes here. Edit or remove this text inline or in the module Content settings. You can also style every aspect of this content in the module Design settings and even apply custom CSS to this text in the module Advanced settings.<\/p>\n<p>[\/et_pb_text][\/et_pb_column_inner][\/et_pb_row_inner][et_pb_row_inner _builder_version=&#8221;4.19.1&#8243; _module_preset=&#8221;default&#8221; global_colors_info=&#8221;{}&#8221;][et_pb_column_inner saved_specialty_column_type=&#8221;1_2&#8243; _builder_version=&#8221;4.19.1&#8243; _module_preset=&#8221;default&#8221; custom_css_main_element=&#8221;display: flex;||flex-wrap: wrap;&#8221; global_colors_info=&#8221;{}&#8221;][et_pb_divider show_divider=&#8221;off&#8221; _builder_version=&#8221;4.19.1&#8243; _module_preset=&#8221;default&#8221; background_color=&#8221;gcid-5a684739-9325-4693-9f53-e0640498005d&#8221; width=&#8221;70px&#8221; height=&#8221;70px&#8221; custom_margin=&#8221;0px|20px|20px||false|false&#8221; custom_padding=&#8221;0px||0px||true|false&#8221; border_radii=&#8221;on|50%|50%|50%|50%&#8221; global_colors_info=&#8221;{%22gcid-5a684739-9325-4693-9f53-e0640498005d%22:%91%22background_color%22%93}&#8221;][\/et_pb_divider][et_pb_divider show_divider=&#8221;off&#8221; _builder_version=&#8221;4.19.1&#8243; _module_preset=&#8221;default&#8221; background_color=&#8221;gcid-2e7d495a-48f9-4831-bce2-57e3590f3725&#8243; width=&#8221;70px&#8221; height=&#8221;70px&#8221; custom_margin=&#8221;0px|20px|20px||false|false&#8221; custom_padding=&#8221;0px||0px||true|false&#8221; border_radii=&#8221;on|50%|50%|50%|50%&#8221; global_colors_info=&#8221;{%22gcid-2e7d495a-48f9-4831-bce2-57e3590f3725%22:%91%22background_color%22%93}&#8221;][\/et_pb_divider][et_pb_divider show_divider=&#8221;off&#8221; _builder_version=&#8221;4.19.1&#8243; _module_preset=&#8221;default&#8221; background_color=&#8221;gcid-0006f228-bcef-41dd-9d51-d6083b0445e6&#8243; width=&#8221;70px&#8221; height=&#8221;70px&#8221; custom_margin=&#8221;0px|20px|20px||false|false&#8221; custom_padding=&#8221;0px||0px||true|false&#8221; border_radii=&#8221;on|50%|50%|50%|50%&#8221; global_colors_info=&#8221;{%22gcid-0006f228-bcef-41dd-9d51-d6083b0445e6%22:%91%22background_color%22%93}&#8221;][\/et_pb_divider][et_pb_divider show_divider=&#8221;off&#8221; _builder_version=&#8221;4.19.1&#8243; _module_preset=&#8221;default&#8221; background_color=&#8221;gcid-fabc8c69-e337-45b9-855e-74edd221c457&#8243; width=&#8221;70px&#8221; height=&#8221;70px&#8221; custom_margin=&#8221;0px|20px|20px||false|false&#8221; custom_padding=&#8221;0px||0px||true|false&#8221; border_radii=&#8221;on|50%|50%|50%|50%&#8221; global_colors_info=&#8221;{%22gcid-fabc8c69-e337-45b9-855e-74edd221c457%22:%91%22background_color%22%93}&#8221;][\/et_pb_divider][et_pb_divider show_divider=&#8221;off&#8221; _builder_version=&#8221;4.19.1&#8243; _module_preset=&#8221;default&#8221; background_color=&#8221;gcid-0b198663-e80a-406f-a834-37f720a631d6&#8243; width=&#8221;70px&#8221; height=&#8221;70px&#8221; custom_margin=&#8221;0px|20px|20px||false|false&#8221; custom_padding=&#8221;0px||0px||true|false&#8221; border_radii=&#8221;on|50%|50%|50%|50%&#8221; global_colors_info=&#8221;{%22gcid-0b198663-e80a-406f-a834-37f720a631d6%22:%91%22background_color%22%93}&#8221;][\/et_pb_divider][et_pb_divider show_divider=&#8221;off&#8221; _builder_version=&#8221;4.19.1&#8243; _module_preset=&#8221;default&#8221; background_color=&#8221;gcid-2bfd5a7b-119d-4db9-882b-4e5dd0ce13cf&#8221; width=&#8221;70px&#8221; height=&#8221;70px&#8221; custom_margin=&#8221;0px|20px|20px||false|false&#8221; custom_padding=&#8221;0px||0px||true|false&#8221; border_radii=&#8221;on|50%|50%|50%|50%&#8221; global_colors_info=&#8221;{%22gcid-2bfd5a7b-119d-4db9-882b-4e5dd0ce13cf%22:%91%22background_color%22%93}&#8221;][\/et_pb_divider][et_pb_divider show_divider=&#8221;off&#8221; _builder_version=&#8221;4.19.1&#8243; _module_preset=&#8221;default&#8221; background_color=&#8221;gcid-0c31742c-934c-49f2-bef0-e173be39c8ac&#8221; width=&#8221;70px&#8221; height=&#8221;70px&#8221; custom_margin=&#8221;0px|20px|20px||false|false&#8221; custom_padding=&#8221;0px||0px||true|false&#8221; border_radii=&#8221;on|50%|50%|50%|50%&#8221; global_colors_info=&#8221;{%22gcid-0c31742c-934c-49f2-bef0-e173be39c8ac%22:%91%22background_color%22%93}&#8221;][\/et_pb_divider][et_pb_divider show_divider=&#8221;off&#8221; _builder_version=&#8221;4.19.1&#8243; _module_preset=&#8221;default&#8221; background_color=&#8221;gcid-9ca8a99e-9f66-4441-861a-6a8b6d1b8208&#8243; width=&#8221;70px&#8221; height=&#8221;70px&#8221; custom_margin=&#8221;0px|20px|20px||false|false&#8221; custom_padding=&#8221;0px||0px||true|false&#8221; border_radii=&#8221;on|50%|50%|50%|50%&#8221; global_colors_info=&#8221;{%22gcid-9ca8a99e-9f66-4441-861a-6a8b6d1b8208%22:%91%22background_color%22%93}&#8221;][\/et_pb_divider][et_pb_divider show_divider=&#8221;off&#8221; _builder_version=&#8221;4.19.1&#8243; _module_preset=&#8221;default&#8221; background_color=&#8221;gcid-d880f4ca-730f-4a03-ae41-bcf303885e24&#8243; width=&#8221;70px&#8221; height=&#8221;70px&#8221; custom_margin=&#8221;0px|20px|20px||false|false&#8221; custom_padding=&#8221;0px||0px||true|false&#8221; border_radii=&#8221;on|50%|50%|50%|50%&#8221; global_colors_info=&#8221;{%22gcid-d880f4ca-730f-4a03-ae41-bcf303885e24%22:%91%22background_color%22%93}&#8221;][\/et_pb_divider][et_pb_divider show_divider=&#8221;off&#8221; _builder_version=&#8221;4.19.1&#8243; _module_preset=&#8221;default&#8221; background_color=&#8221;gcid-2a26b3eb-f76f-4819-875f-06049617d94e&#8221; width=&#8221;70px&#8221; height=&#8221;70px&#8221; custom_margin=&#8221;0px|20px|20px||false|false&#8221; custom_padding=&#8221;0px||0px||true|false&#8221; border_radii=&#8221;on|50%|50%|50%|50%&#8221; global_colors_info=&#8221;{%22gcid-2a26b3eb-f76f-4819-875f-06049617d94e%22:%91%22background_color%22%93}&#8221;][\/et_pb_divider][\/et_pb_column_inner][\/et_pb_row_inner][et_pb_row_inner _builder_version=&#8221;4.19.1&#8243; _module_preset=&#8221;default&#8221; global_colors_info=&#8221;{}&#8221;][et_pb_column_inner saved_specialty_column_type=&#8221;1_2&#8243; _builder_version=&#8221;4.19.1&#8243; _module_preset=&#8221;default&#8221; custom_css_main_element=&#8221;display: flex;||flex-wrap: wrap;&#8221; global_colors_info=&#8221;{}&#8221;][et_pb_divider show_divider=&#8221;off&#8221; _builder_version=&#8221;4.19.1&#8243; _module_preset=&#8221;default&#8221; background_color=&#8221;gcid-d223b773-dc92-47b0-989c-21faccd0e038&#8243; width=&#8221;70px&#8221; height=&#8221;70px&#8221; custom_margin=&#8221;0px|20px|20px||false|false&#8221; custom_padding=&#8221;0px||0px||true|false&#8221; border_radii=&#8221;on|50%|50%|50%|50%&#8221; global_colors_info=&#8221;{%22gcid-d223b773-dc92-47b0-989c-21faccd0e038%22:%91%22background_color%22%93}&#8221;][\/et_pb_divider][et_pb_divider show_divider=&#8221;off&#8221; _builder_version=&#8221;4.19.1&#8243; _module_preset=&#8221;default&#8221; background_color=&#8221;gcid-29d6f9c1-ef56-4fe2-bba1-25fcc5e29e80&#8243; width=&#8221;70px&#8221; height=&#8221;70px&#8221; custom_margin=&#8221;0px|20px|20px||false|false&#8221; custom_padding=&#8221;0px||0px||true|false&#8221; border_radii=&#8221;on|50%|50%|50%|50%&#8221; global_colors_info=&#8221;{%22gcid-29d6f9c1-ef56-4fe2-bba1-25fcc5e29e80%22:%91%22background_color%22%93}&#8221;][\/et_pb_divider][et_pb_divider show_divider=&#8221;off&#8221; _builder_version=&#8221;4.19.1&#8243; _module_preset=&#8221;default&#8221; background_color=&#8221;gcid-2683b9fd-9122-487b-920a-8bb40f0be107&#8243; width=&#8221;70px&#8221; height=&#8221;70px&#8221; custom_margin=&#8221;0px|20px|20px||false|false&#8221; custom_padding=&#8221;0px||0px||true|false&#8221; border_radii=&#8221;on|50%|50%|50%|50%&#8221; global_colors_info=&#8221;{%22gcid-2683b9fd-9122-487b-920a-8bb40f0be107%22:%91%22background_color%22%93}&#8221;][\/et_pb_divider][et_pb_divider show_divider=&#8221;off&#8221; _builder_version=&#8221;4.19.1&#8243; _module_preset=&#8221;default&#8221; background_color=&#8221;gcid-5746b7ab-6572-43fd-82be-e6f4976fb87e&#8221; width=&#8221;70px&#8221; height=&#8221;70px&#8221; custom_margin=&#8221;0px|20px|20px||false|false&#8221; custom_padding=&#8221;0px||0px||true|false&#8221; border_radii=&#8221;on|50%|50%|50%|50%&#8221; global_colors_info=&#8221;{%22gcid-5746b7ab-6572-43fd-82be-e6f4976fb87e%22:%91%22background_color%22%93}&#8221;][\/et_pb_divider][et_pb_divider show_divider=&#8221;off&#8221; _builder_version=&#8221;4.19.1&#8243; _module_preset=&#8221;default&#8221; background_color=&#8221;gcid-f020338b-9826-4d89-acd0-03cc67907f5e&#8221; width=&#8221;70px&#8221; height=&#8221;70px&#8221; custom_margin=&#8221;0px|20px|20px||false|false&#8221; custom_padding=&#8221;0px||0px||true|false&#8221; border_radii=&#8221;on|50%|50%|50%|50%&#8221; global_colors_info=&#8221;{%22gcid-f020338b-9826-4d89-acd0-03cc67907f5e%22:%91%22background_color%22%93}&#8221;][\/et_pb_divider][et_pb_divider show_divider=&#8221;off&#8221; _builder_version=&#8221;4.19.1&#8243; _module_preset=&#8221;default&#8221; background_color=&#8221;gcid-3a6c67bc-a1fc-468b-8b54-8ccea5758afa&#8221; width=&#8221;70px&#8221; height=&#8221;70px&#8221; custom_margin=&#8221;0px|20px|20px||false|false&#8221; custom_padding=&#8221;0px||0px||true|false&#8221; border_radii=&#8221;on|50%|50%|50%|50%&#8221; global_colors_info=&#8221;{%22gcid-3a6c67bc-a1fc-468b-8b54-8ccea5758afa%22:%91%22background_color%22%93}&#8221;][\/et_pb_divider][et_pb_divider show_divider=&#8221;off&#8221; _builder_version=&#8221;4.19.1&#8243; _module_preset=&#8221;default&#8221; background_color=&#8221;gcid-636e5e95-59fc-40d8-bd18-a1862a0a23b1&#8243; width=&#8221;70px&#8221; height=&#8221;70px&#8221; custom_margin=&#8221;0px|20px|20px||false|false&#8221; custom_padding=&#8221;0px||0px||true|false&#8221; border_radii=&#8221;on|50%|50%|50%|50%&#8221; global_colors_info=&#8221;{%22gcid-636e5e95-59fc-40d8-bd18-a1862a0a23b1%22:%91%22background_color%22%93}&#8221;][\/et_pb_divider][et_pb_divider show_divider=&#8221;off&#8221; _builder_version=&#8221;4.19.1&#8243; _module_preset=&#8221;default&#8221; background_color=&#8221;gcid-cc48c963-c030-48dd-9575-6a7f6996c885&#8243; width=&#8221;70px&#8221; height=&#8221;70px&#8221; custom_margin=&#8221;0px|20px|20px||false|false&#8221; custom_padding=&#8221;0px||0px||true|false&#8221; border_radii=&#8221;on|50%|50%|50%|50%&#8221; global_colors_info=&#8221;{%22gcid-cc48c963-c030-48dd-9575-6a7f6996c885%22:%91%22background_color%22%93}&#8221;][\/et_pb_divider][et_pb_divider show_divider=&#8221;off&#8221; _builder_version=&#8221;4.19.1&#8243; _module_preset=&#8221;default&#8221; background_color=&#8221;gcid-2836365e-60aa-4074-8f25-65d092db39cb&#8221; width=&#8221;70px&#8221; height=&#8221;70px&#8221; custom_margin=&#8221;0px|20px|20px||false|false&#8221; custom_padding=&#8221;0px||0px||true|false&#8221; border_radii=&#8221;on|50%|50%|50%|50%&#8221; global_colors_info=&#8221;{%22gcid-2836365e-60aa-4074-8f25-65d092db39cb%22:%91%22background_color%22%93}&#8221;][\/et_pb_divider][et_pb_divider show_divider=&#8221;off&#8221; _builder_version=&#8221;4.19.1&#8243; _module_preset=&#8221;default&#8221; background_color=&#8221;gcid-bacd1e16-9a57-4229-ac22-4c6e93860d6b&#8221; width=&#8221;70px&#8221; height=&#8221;70px&#8221; custom_margin=&#8221;0px|20px|20px||false|false&#8221; custom_padding=&#8221;0px||0px||true|false&#8221; border_radii=&#8221;on|50%|50%|50%|50%&#8221; global_colors_info=&#8221;{%22gcid-bacd1e16-9a57-4229-ac22-4c6e93860d6b%22:%91%22background_color%22%93}&#8221;][\/et_pb_divider][\/et_pb_column_inner][\/et_pb_row_inner][\/et_pb_column][\/et_pb_section][et_pb_section fb_built=&#8221;1&#8243; _builder_version=&#8221;4.19.1&#8243; _module_preset=&#8221;default&#8221; global_colors_info=&#8221;{}&#8221;][et_pb_row _builder_version=&#8221;4.19.1&#8243; _module_preset=&#8221;default&#8221; global_colors_info=&#8221;{}&#8221; hover_enabled=&#8221;0&#8243; sticky_enabled=&#8221;0&#8243;][et_pb_column type=&#8221;4_4&#8243; _builder_version=&#8221;4.19.1&#8243; _module_preset=&#8221;default&#8221; global_colors_info=&#8221;{}&#8221;][et_pb_text _builder_version=&#8221;4.19.1&#8243; _module_preset=&#8221;default&#8221; text_font_size_tablet=&#8221;&#8221; text_font_size_phone=&#8221;&#8221; text_font_size_last_edited=&#8221;on|desktop&#8221; global_colors_info=&#8221;{}&#8221;]<\/p>\n<p>Your content goes here. Edit or remove this text inline or in the module Content settings. You can also style every aspect of this content in the module Design settings and even apply custom CSS to this text in the module Advanced settings.<\/p>\n<p>[\/et_pb_text][\/et_pb_column][\/et_pb_row][\/et_pb_section]<\/p>","protected":false},"excerpt":{"rendered":"<p>Head h1 con un altura de l\u00ednea correcta para aumentar legibilidad &nbsp; &nbsp; Heading h2 con un altura de l\u00ednea correcta para aumentar legibilidad &nbsp; &nbsp; Head h3 con un altura de l\u00ednea correcta para aumentar legibilidad &nbsp; &nbsp; Head h4 con un altura de l\u00ednea correcta para aumentar legibilidad &nbsp; &nbsp; Head h5 con [&hellip;]<\/p>","protected":false},"author":1,"featured_media":0,"parent":0,"menu_order":0,"comment_status":"closed","ping_status":"closed","template":"","meta":{"_et_pb_use_builder":"on","_et_pb_old_content":"<!-- wp:paragraph -->\n<p>This is an example page. It's different from a blog post because it will stay in one place and will show up in your site navigation (in most themes). Most people start with an About page that introduces them to potential site visitors. It might say something like this:<\/p>\n<!-- \/wp:paragraph -->\n\n<!-- wp:quote -->\n<blockquote class=\"wp-block-quote\"><p>Hi there! I'm a bike messenger by day, aspiring actor by night, and this is my website. I live in Los Angeles, have a great dog named Jack, and I like pi&#241;a coladas. (And gettin' caught in the rain.)<\/p><\/blockquote>\n<!-- \/wp:quote -->\n\n<!-- wp:paragraph -->\n<p>...or something like this:<\/p>\n<!-- \/wp:paragraph -->\n\n<!-- wp:quote -->\n<blockquote class=\"wp-block-quote\"><p>The XYZ Doohickey Company was founded in 1971, and has been providing quality doohickeys to the public ever since. Located in Gotham City, XYZ employs over 2,000 people and does all kinds of awesome things for the Gotham community.<\/p><\/blockquote>\n<!-- \/wp:quote -->\n\n<!-- wp:paragraph -->\n<p>As a new WordPress user, you should go to <a href=\"https:\/\/mkgsocialmedia.com\/wp-admin\/\">your dashboard<\/a> to delete this page and create new pages for your content. Have fun!<\/p>\n<!-- \/wp:paragraph -->","_et_gb_content_width":"","footnotes":""},"dipi_cpt_category":[],"class_list":["post-2","page","type-page","status-publish","hentry"],"yoast_head":"<!-- This site is optimized with the Yoast SEO plugin v23.5 - https:\/\/yoast.com\/wordpress\/plugins\/seo\/ -->\n<title>Sample Page - MKG Marketing - Web Design - SEO - SEM<\/title>\n<meta name=\"robots\" content=\"index, follow, max-snippet:-1, max-image-preview:large, max-video-preview:-1\" \/>\n<link rel=\"canonical\" href=\"https:\/\/mkgsocialmedia.com\/es\/sample-page\/\" \/>\n<meta property=\"og:locale\" content=\"es_MX\" \/>\n<meta property=\"og:type\" content=\"article\" \/>\n<meta property=\"og:title\" content=\"Sample Page - MKG Marketing - Web Design - SEO - SEM\" \/>\n<meta property=\"og:description\" content=\"Head h1 con un altura de l\u00ednea correcta para aumentar legibilidad &nbsp; &nbsp; Heading h2 con un altura de l\u00ednea correcta para aumentar legibilidad &nbsp; &nbsp; Head h3 con un altura de l\u00ednea correcta para aumentar legibilidad &nbsp; &nbsp; Head h4 con un altura de l\u00ednea correcta para aumentar legibilidad &nbsp; &nbsp; Head h5 con [&hellip;]\" \/>\n<meta property=\"og:url\" content=\"https:\/\/mkgsocialmedia.com\/es\/sample-page\/\" \/>\n<meta property=\"og:site_name\" content=\"MKG Marketing - Web Design - SEO - SEM\" \/>\n<meta property=\"article:modified_time\" content=\"2024-03-03T21:44:39+00:00\" \/>\n<meta name=\"twitter:card\" content=\"summary_large_image\" \/>\n<meta name=\"twitter:label1\" content=\"Est. reading time\" \/>\n\t<meta name=\"twitter:data1\" content=\"8 minutes\" \/>\n<script type=\"application\/ld+json\" class=\"yoast-schema-graph\">{\"@context\":\"https:\/\/schema.org\",\"@graph\":[{\"@type\":\"WebPage\",\"@id\":\"https:\/\/mkgsocialmedia.com\/sample-page\/\",\"url\":\"https:\/\/mkgsocialmedia.com\/sample-page\/\",\"name\":\"Sample Page - MKG Marketing - Web Design - SEO - SEM\",\"isPartOf\":{\"@id\":\"https:\/\/mkgsocialmedia.com\/#website\"},\"datePublished\":\"2022-11-08T09:26:41+00:00\",\"dateModified\":\"2024-03-03T21:44:39+00:00\",\"breadcrumb\":{\"@id\":\"https:\/\/mkgsocialmedia.com\/sample-page\/#breadcrumb\"},\"inLanguage\":\"es-MX\",\"potentialAction\":[{\"@type\":\"ReadAction\",\"target\":[\"https:\/\/mkgsocialmedia.com\/sample-page\/\"]}]},{\"@type\":\"BreadcrumbList\",\"@id\":\"https:\/\/mkgsocialmedia.com\/sample-page\/#breadcrumb\",\"itemListElement\":[{\"@type\":\"ListItem\",\"position\":1,\"name\":\"Portada\",\"item\":\"https:\/\/mkgsocialmedia.com\/\"},{\"@type\":\"ListItem\",\"position\":2,\"name\":\"Sample Page\"}]},{\"@type\":\"WebSite\",\"@id\":\"https:\/\/mkgsocialmedia.com\/#website\",\"url\":\"https:\/\/mkgsocialmedia.com\/\",\"name\":\"MKG Marketing - Web Design - SEO - SEM\",\"description\":\"Digital Marketing Company with the Leading Web design, SEO, and Paid Ads Experts in Miami.\",\"publisher\":{\"@id\":\"https:\/\/mkgsocialmedia.com\/#organization\"},\"potentialAction\":[{\"@type\":\"SearchAction\",\"target\":{\"@type\":\"EntryPoint\",\"urlTemplate\":\"https:\/\/mkgsocialmedia.com\/?s={search_term_string}\"},\"query-input\":{\"@type\":\"PropertyValueSpecification\",\"valueRequired\":true,\"valueName\":\"search_term_string\"}}],\"inLanguage\":\"es-MX\"},{\"@type\":\"Organization\",\"@id\":\"https:\/\/mkgsocialmedia.com\/#organization\",\"name\":\"MKG Marketing - Web Design - SEO - SEM\",\"url\":\"https:\/\/mkgsocialmedia.com\/\",\"logo\":{\"@type\":\"ImageObject\",\"inLanguage\":\"es-MX\",\"@id\":\"https:\/\/mkgsocialmedia.com\/#\/schema\/logo\/image\/\",\"url\":\"https:\/\/mkgsocialmedia.com\/wp-content\/uploads\/2022\/11\/favi.svg\",\"contentUrl\":\"https:\/\/mkgsocialmedia.com\/wp-content\/uploads\/2022\/11\/favi.svg\",\"width\":1,\"height\":1,\"caption\":\"MKG Marketing - Web Design - SEO - SEM\"},\"image\":{\"@id\":\"https:\/\/mkgsocialmedia.com\/#\/schema\/logo\/image\/\"}}]}<\/script>\n<!-- \/ Yoast SEO plugin. -->","yoast_head_json":{"title":"Sample Page - MKG Marketing - Web Design - SEO - SEM","robots":{"index":"index","follow":"follow","max-snippet":"max-snippet:-1","max-image-preview":"max-image-preview:large","max-video-preview":"max-video-preview:-1"},"canonical":"https:\/\/mkgsocialmedia.com\/es\/sample-page\/","og_locale":"es_MX","og_type":"article","og_title":"Sample Page - MKG Marketing - Web Design - SEO - SEM","og_description":"Head h1 con un altura de l\u00ednea correcta para aumentar legibilidad &nbsp; &nbsp; Heading h2 con un altura de l\u00ednea correcta para aumentar legibilidad &nbsp; &nbsp; Head h3 con un altura de l\u00ednea correcta para aumentar legibilidad &nbsp; &nbsp; Head h4 con un altura de l\u00ednea correcta para aumentar legibilidad &nbsp; &nbsp; Head h5 con [&hellip;]","og_url":"https:\/\/mkgsocialmedia.com\/es\/sample-page\/","og_site_name":"MKG Marketing - Web Design - SEO - SEM","article_modified_time":"2024-03-03T21:44:39+00:00","twitter_card":"summary_large_image","twitter_misc":{"Est. reading time":"8 minutes"},"schema":{"@context":"https:\/\/schema.org","@graph":[{"@type":"WebPage","@id":"https:\/\/mkgsocialmedia.com\/sample-page\/","url":"https:\/\/mkgsocialmedia.com\/sample-page\/","name":"Sample Page - MKG Marketing - Web Design - SEO - SEM","isPartOf":{"@id":"https:\/\/mkgsocialmedia.com\/#website"},"datePublished":"2022-11-08T09:26:41+00:00","dateModified":"2024-03-03T21:44:39+00:00","breadcrumb":{"@id":"https:\/\/mkgsocialmedia.com\/sample-page\/#breadcrumb"},"inLanguage":"es-MX","potentialAction":[{"@type":"ReadAction","target":["https:\/\/mkgsocialmedia.com\/sample-page\/"]}]},{"@type":"BreadcrumbList","@id":"https:\/\/mkgsocialmedia.com\/sample-page\/#breadcrumb","itemListElement":[{"@type":"ListItem","position":1,"name":"Portada","item":"https:\/\/mkgsocialmedia.com\/"},{"@type":"ListItem","position":2,"name":"Sample Page"}]},{"@type":"WebSite","@id":"https:\/\/mkgsocialmedia.com\/#website","url":"https:\/\/mkgsocialmedia.com\/","name":"MKG Marketing - Web Design - SEO - SEM","description":"Digital Marketing Company with the Leading Web design, SEO, and Paid Ads Experts in Miami.","publisher":{"@id":"https:\/\/mkgsocialmedia.com\/#organization"},"potentialAction":[{"@type":"SearchAction","target":{"@type":"EntryPoint","urlTemplate":"https:\/\/mkgsocialmedia.com\/?s={search_term_string}"},"query-input":{"@type":"PropertyValueSpecification","valueRequired":true,"valueName":"search_term_string"}}],"inLanguage":"es-MX"},{"@type":"Organization","@id":"https:\/\/mkgsocialmedia.com\/#organization","name":"MKG Marketing - Web Design - SEO - SEM","url":"https:\/\/mkgsocialmedia.com\/","logo":{"@type":"ImageObject","inLanguage":"es-MX","@id":"https:\/\/mkgsocialmedia.com\/#\/schema\/logo\/image\/","url":"https:\/\/mkgsocialmedia.com\/wp-content\/uploads\/2022\/11\/favi.svg","contentUrl":"https:\/\/mkgsocialmedia.com\/wp-content\/uploads\/2022\/11\/favi.svg","width":1,"height":1,"caption":"MKG Marketing - Web Design - SEO - SEM"},"image":{"@id":"https:\/\/mkgsocialmedia.com\/#\/schema\/logo\/image\/"}}]}},"_links":{"self":[{"href":"https:\/\/mkgsocialmedia.com\/es\/wp-json\/wp\/v2\/pages\/2","targetHints":{"allow":["GET"]}}],"collection":[{"href":"https:\/\/mkgsocialmedia.com\/es\/wp-json\/wp\/v2\/pages"}],"about":[{"href":"https:\/\/mkgsocialmedia.com\/es\/wp-json\/wp\/v2\/types\/page"}],"author":[{"embeddable":true,"href":"https:\/\/mkgsocialmedia.com\/es\/wp-json\/wp\/v2\/users\/1"}],"replies":[{"embeddable":true,"href":"https:\/\/mkgsocialmedia.com\/es\/wp-json\/wp\/v2\/comments?post=2"}],"version-history":[{"count":1,"href":"https:\/\/mkgsocialmedia.com\/es\/wp-json\/wp\/v2\/pages\/2\/revisions"}],"predecessor-version":[{"id":244377,"href":"https:\/\/mkgsocialmedia.com\/es\/wp-json\/wp\/v2\/pages\/2\/revisions\/244377"}],"wp:attachment":[{"href":"https:\/\/mkgsocialmedia.com\/es\/wp-json\/wp\/v2\/media?parent=2"}],"wp:term":[{"taxonomy":"dipi_cpt_category","embeddable":true,"href":"https:\/\/mkgsocialmedia.com\/es\/wp-json\/wp\/v2\/dipi_cpt_category?post=2"}],"curies":[{"name":"wp","href":"https:\/\/api.w.org\/{rel}","templated":true}]}}